{"id":91,"date":"2020-01-09T10:33:14","date_gmt":"2020-01-09T10:33:14","guid":{"rendered":"http:\/\/zydowskidomseniora.com\/?page_id=91"},"modified":"2020-01-21T12:42:53","modified_gmt":"2020-01-21T12:42:53","slug":"pierwsze-lata","status":"publish","type":"page","link":"https:\/\/zydowskidomseniora.com\/?page_id=91","title":{"rendered":"Pierwsze lata"},"content":{"rendered":"\n<p><strong>pocz\u0105tki<\/strong><\/p>\n\n\n\n<p>Nasze Stowarzyszenie \u017bydowski Dom Seniora \u201eMoszaw Zkenim\u201d zosta\u0142o  zarejestrowane &nbsp;4 lutego 2010 r.&nbsp; Inicjatorem powo\u0142ania Stowarzyszenia i  budowy \u017bydowskiego Domu Seniora by\u0142a GW\u017b.<\/p>\n\n\n\n<p>W\n 2010 r. GW\u017b rozpisa\u0142o konkurs i wy\u0142oni\u0142o firm\u0119, kt\u00f3ra mia\u0142a \nzaprojektowa\u0107 Dom Seniora. &nbsp;My brali\u015bmy aktywny udzia\u0142 w definiowaniu \nza\u0142o\u017ce\u0144. Trzypi\u0119trowy obiekt mia\u0142 &nbsp;stan\u0105\u0107 na dzia\u0142ce przy ul. \nBrylowskiej, nieopodal Szpitala Wolskiego. Powsta\u0142 projekt, ale \nodst\u0105piono od jego realizacji ze wzgl\u0119d\u00f3w ekonomicznych.<\/p>\n\n\n\n<p>Przed  wojn\u0105 ten teren nale\u017ca\u0142 do Szpitala Starozakonnych na Czystem. Dzia\u0142k\u0119  o powierzchni 4,3 tys. mkw. Gmina \u017bydowska otrzyma\u0142a od miasta po o\u015bmiu  latach stara\u0144 o zwrot mienia, z zastrze\u017ceniem, \u017ce jest przeznaczony na  dom pomocy spo\u0142ecznej. <br>Przez nast\u0119pne trzy lata Zarz\u0105d  Stowarzyszenia prowadzi\u0142 rozmowy na temat dzia\u0142ki i zasad wsp\u00f3\u0142pracy z  Zarz\u0105dem GW\u017b, pr\u00f3bowa\u0142 wsp\u00f3\u0142pracy z TSK\u017b w celu budowy \u017bDS na terenie  \u015ar\u00f3dborowianki. &nbsp;Mimo \u017cyczliwej atmosfery, kwestia parceli, na kt\u00f3rej ma  zosta\u0107 wybudowany \u017bDS pozosta\u0142a nierozstrzygni\u0119ta. W poszukiwania  miejsca na dom seniora, Zarz\u0105d przeprowadzi\u0142 szereg rozm\u00f3w z  przedstawicielami w\u0142adz centralnych i samorz\u0105dowych. Przez pierwsze 3 lata Zarz\u0105d GW\u017b wspiera\u0142 finansowo nasza dzia\u0142alno\u015b\u0107.<br><\/p>\n\n\n\n<p> <strong>nast\u0119pne lata<\/strong><\/p>\n\n\n\n<p>Mimo chwilowych niepowodze\u0144 zarz\u0105d S\u017bDS postanowi\u0142 nie rezygnowa\u0107 z  budowy Domu Seniora i rozpocz\u0105\u0142 poszukiwania odpowiedniej dzia\u0142ki lub  budynku do adaptacji. Zarz\u0105d obejrza\u0142 i przeanalizowa\u0142 kilkana\u015bcie  nieruchomo\u015bci, ale ceny&nbsp; w Warszawie i jej okolicach przekracza\u0142y  finansowe mo\u017cliwo\u015bci Stowarzyszenia. &nbsp;&nbsp;W 2014 r. Walne Zebranie&nbsp; Cz\u0142onk\u00f3w Stowarzyszenia podj\u0119\u0142o decyzje o budowie \u017bydowskiego Domu  Seniora na terenie dworskiej posiad\u0142o\u015bci w Popiel\u017cyn Zawadach -70 km od  Warszawy.&nbsp; Dzia\u0142ka, kt\u00f3ra zosta\u0142a wybrana by\u0142a pi\u0119kna i mia\u0142a olbrzymi  potencja\u0142 do wykorzystania na nasze cele. Opr\u00f3cz walor\u00f3w krajobrazowych i  klimatycznych posiada\u0142a du\u017c\u0105 powierzchni\u0119, daj\u0105c\u0105 szans\u0119 na rozbudow\u0119 i  zagospodarowanie 9 hektar\u00f3w parku, znajdowa\u0142y si\u0119 na niej dwa budynki  do adaptacji i pi\u0119kny, &nbsp;ale ma\u0142y dworek do natychmiastowego  zamieszkania.<br><\/p>\n\n\n\n<p>\u00d3wczesne prezeski Ma\u0142gorzata Lanota i Ma\u0142gorzata Blicharz prowadzi\u0142y  \u017cmudne pertraktacje z kilkoma bankami w celu uzyskania kredytu na  wyj\u0105tkowo korzystnych warunkach. Potrzebny by\u0142 kapita\u0142 w\u0142asny, kt\u00f3rego  nie mieli\u015bmy. Trzeba zaznaczy\u0107, \u017ce z powodu braku jakichkolwiek funduszy  biznes plan wykona\u0142y\u015bmy same, a jest to praca karko\u0142omna nawet dla  specjalist\u00f3w. Kosztorysy i plany budowlane wykona\u0142y dla nas gratis  zaprzyja\u017anione firmy. Musieli\u015bmy zap\u0142aci\u0107 jedynie za operat szacunkowy,  ale koszty jego wykonania pokry\u0142a Gmina. &nbsp;Zarz\u0105d do\u0142o\u017cy\u0142 stara\u0144, aby  wszystkie zestawienia i opracowania dla banku w ramach biznes planu by\u0142y  mo\u017cliwie precyzyjne oraz uczciwe i stanowi\u0142y dla nas podstaw\u0119 do  dalszej dzia\u0142alno\u015bci.&nbsp; Bank nie mia\u0142 zastrze\u017ce\u0144 do jako\u015bci  przygotowanych dokument\u00f3w i wylicze\u0144. <\/p>\n\n\n\n<p>Wobec odmowy zaanga\u017cowania  GW\u017b w budow\u0119 \u017bydowskiego Domu Seniora na terenie Dworu Akacjowego w  Popel\u017cyn - Zawady oraz finansowych trudno\u015bci, jakie napotyka\u0142 w jej  realizacji, w dniu 25-06-2014r. Zarz\u0105d Stowarzyszenia podj\u0105\u0142 decyzj\u0119 o  rezygnacji ze stara\u0144 o zakup tej posiad\u0142o\u015bci i wstrzymania tymczasowo  dzia\u0142a\u0144 maj\u0105cych na celu budow\u0119 \u017bydowskiego Domu Seniora.<br><\/p>\n\n\n\n<p><strong>nie rezygnujemy z osi\u0105gni\u0119cia naszych cel\u00f3w<\/strong><\/p>\n\n\n\n<p> Pod\n koniec roku 2014 w celu rozpocz\u0119cia konkretnych dzia\u0142a\u0144, przy naszych \nznikomych mo\u017cliwo\u015bciach finansowych, Stowarzyszenie nawi\u0105za\u0142o wsp\u00f3\u0142prac\u0119\n z funkcjonuj\u0105cym Domem Opieki Bia\u0142a Dalia w Konstancinie-Jeziornej. \nLiczyli\u015bmy na umieszczenie w tym domu co najmniej 10 \u017cydowskich \npensjonariuszy i nadanie jemu \u017cydowskiego charakteru. Biuro Pomocy \nSpo\u0142ecznej nie wspar\u0142o naszych dzia\u0142a\u0144, nie skierowa\u0142o do Bia\u0142ej Dalii \nnikogo ze swoich podopiecznych, uda\u0142o nam si\u0119 umie\u015bci\u0107 &nbsp;tam na sta\u0142e \ntylko jedna osob\u0119 i kilka przej\u015bciowo. Opiekujemy si\u0119 nasz\u0105 podopieczn\u0105,\n dofinansowujemy jej pobyt i leczenie i w miar\u0119 naszych mo\u017cliwo\u015bci \nstaramy si\u0119 wprowadzi\u0107 do Domu \u017cydowskie akcenty; zorganizowali\u015bmy \nuroczysto\u015b\u0107 przybicia mezuzy z Rabinem Michaelem Schudrichem, urz\u0105dzamy \nkolacje szabatowe.\n\n<\/p>\n","protected":false},"excerpt":{"rendered":"<p>pocz\u0105tki Nasze Stowarzyszenie \u017bydowski Dom Seniora \u201eMoszaw Zkenim\u201d zosta\u0142o zarejestrowane &nbsp;4 lutego 2010 r.&nbsp; Inicjatorem powo\u0142ania Stowarzyszenia i budowy \u017bydowskiego Domu Seniora by\u0142a GW\u017b. W 2010 r. GW\u017b rozpisa\u0142o konkurs i wy\u0142oni\u0142o firm\u0119, kt\u00f3ra mia\u0142a zaprojektowa\u0107 Dom Seniora. &nbsp;My brali\u015bmy aktywny udzia\u0142 w definiowaniu za\u0142o\u017ce\u0144. Trzypi\u0119trowy obiekt mia\u0142 &nbsp;stan\u0105\u0107 na dzia\u0142ce przy ul. Brylowskiej, nieopodal <a href=\"https:\/\/zydowskidomseniora.com\/?page_id=91\" class=\"more-link\">Czytaj dalej...<span class=\"screen-reader-text\"> \"Pierwsze lata\"<\/span><\/a><\/p>\n","protected":false},"author":1,"featured_media":0,"parent":0,"menu_order":0,"comment_status":"closed","ping_status":"closed","template":"page-templates\/full-width.php","meta":{"footnotes":""},"class_list":["post-91","page","type-page","status-publish","h-entry","hentry","h-as-page"],"_links":{"self":[{"href":"https:\/\/zydowskidomseniora.com\/index.php?rest_route=\/wp\/v2\/pages\/91","targetHints":{"allow":["GET"]}}],"collection":[{"href":"https:\/\/zydowskidomseniora.com\/index.php?rest_route=\/wp\/v2\/pages"}],"about":[{"href":"https:\/\/zydowskidomseniora.com\/index.php?rest_route=\/wp\/v2\/types\/page"}],"author":[{"embeddable":true,"href":"https:\/\/zydowskidomseniora.com\/index.php?rest_route=\/wp\/v2\/users\/1"}],"replies":[{"embeddable":true,"href":"https:\/\/zydowskidomseniora.com\/index.php?rest_route=%2Fwp%2Fv2%2Fcomments&post=91"}],"version-history":[{"count":9,"href":"https:\/\/zydowskidomseniora.com\/index.php?rest_route=\/wp\/v2\/pages\/91\/revisions"}],"predecessor-version":[{"id":191,"href":"https:\/\/zydowskidomseniora.com\/index.php?rest_route=\/wp\/v2\/pages\/91\/revisions\/191"}],"wp:attachment":[{"href":"https:\/\/zydowskidomseniora.com\/index.php?rest_route=%2Fwp%2Fv2%2Fmedia&parent=91"}],"curies":[{"name":"wp","href":"https:\/\/api.w.org\/{rel}","templated":true}]}}