{"id":6,"date":"2020-01-04T12:34:14","date_gmt":"2020-01-04T12:34:14","guid":{"rendered":"http:\/\/zydowskidomseniora.com\/?page_id=6"},"modified":"2020-09-24T09:02:52","modified_gmt":"2020-09-24T09:02:52","slug":"o-nas","status":"publish","type":"page","link":"https:\/\/zydowskidomseniora.com\/?page_id=6","title":{"rendered":"O Nas"},"content":{"rendered":"\n<p class=\"has-text-color has-vivid-purple-color\"><strong>Jeste\u015bmy stowarzyszeniem - grup\u0105 os\u00f3b, kt\u00f3re razem dzia\u0142a, ma wsp\u00f3lne cele i warto\u015bci.<br>G\u0142\u00f3wnym celem Stowarzyszenia \u017bydowski Dom Seniora jest poprawa sytuacji spo\u0142eczno-ekonomicznej, kulturalno-o\u015bwiatowej oraz &nbsp;przeciwdzia\u0142anie wykluczeniu spo\u0142ecznemu senior\u00f3w \u015brodowiska \u017cydowskiego, a tak\u017ce szerzeniu tradycji \u017cydowskiej. Pami\u0119tamy r\u00f3wnie\u017c o naszym dalekosi\u0119\u017cnym celu - za\u0142o\u017ceniu \u017bydowskiego Domu Seniora, do czego do\u0142o\u017cymy wszelkich stara\u0144.<\/strong><\/p>\n\n\n\n<p>Wa\u017cnym zadaniem Stowarzyszenia by\u0142y dzia\u0142ania maj\u0105ce na celu integracj\u0119 \u015brodowiska oraz zachowania to\u017csamo\u015bci kulturalnej i historycznej.&nbsp; Zorganizowali\u015bmy szereg spotka\u0144 otwartych takich jak: Maj\u00f3wka u Ma\u0142gosi z recytacj\u0105 wierszy W\u0142adys\u0142awa Szlengla pisanych w Getcie oraz ta\u0144cami izraelskimi, wystawa \u201d100 lat od powstania \u017bydowskiego Domu Starc\u00f3w. \u017bydowska Tradycja Dobroczynno\u015bci\u201d, panel dyskusyjny oraz kilka mniejszych (szczeg\u00f3\u0142y w sprawozdaniach rocznych).<\/p>\n\n\n\n<p>Stowarzyszenie przej\u0119\u0142o opiek\u0119 nad grobem Adolfa Peretza, wielkiego cz\u0142owieka, filantropa i wieloletniego prezesa Towarzystwa Domu Starc\u00f3w, na Cmentarzu \u017bydowskim przy ul. Okopowej. Odmalowano metalowe obramowanie, usuni\u0119to zas\u0142aniaj\u0105ce gr\u00f3b chwasty i posadzono \u015bwie\u017c\u0105 traw\u0119 oraz zapewniono sta\u0142e utrzymanie czysto\u015bci wok\u00f3\u0142 grobu. Przygotowali\u015bmy projekt renowacji grobu, ale nie dostali\u015bmy na to \u015brodk\u00f3w. Nag\u0142o\u015bniamy jego zas\u0142ugi i nie pozwalamy zapomnie\u0107 o tym wspania\u0142ym cz\u0142owieku.&nbsp;<\/p>\n","protected":false},"excerpt":{"rendered":"<p>Jeste\u015bmy stowarzyszeniem - grup\u0105 os\u00f3b, kt\u00f3re razem dzia\u0142a, ma wsp\u00f3lne cele i warto\u015bci.G\u0142\u00f3wnym celem Stowarzyszenia \u017bydowski Dom Seniora jest poprawa sytuacji spo\u0142eczno-ekonomicznej, kulturalno-o\u015bwiatowej oraz &nbsp;przeciwdzia\u0142anie wykluczeniu spo\u0142ecznemu senior\u00f3w \u015brodowiska \u017cydowskiego, a tak\u017ce szerzeniu tradycji \u017cydowskiej. Pami\u0119tamy r\u00f3wnie\u017c o naszym dalekosi\u0119\u017cnym celu - za\u0142o\u017ceniu \u017bydowskiego Domu Seniora, do czego do\u0142o\u017cymy wszelkich stara\u0144. Wa\u017cnym zadaniem Stowarzyszenia by\u0142y <a href=\"https:\/\/zydowskidomseniora.com\/?page_id=6\" class=\"more-link\">Czytaj dalej...<span class=\"screen-reader-text\"> \"O Nas\"<\/span><\/a><\/p>\n","protected":false},"author":1,"featured_media":0,"parent":0,"menu_order":0,"comment_status":"closed","ping_status":"closed","template":"page-templates\/full-width.php","meta":{"footnotes":""},"class_list":["post-6","page","type-page","status-publish","h-entry","hentry","h-as-page"],"_links":{"self":[{"href":"https:\/\/zydowskidomseniora.com\/index.php?rest_route=\/wp\/v2\/pages\/6","targetHints":{"allow":["GET"]}}],"collection":[{"href":"https:\/\/zydowskidomseniora.com\/index.php?rest_route=\/wp\/v2\/pages"}],"about":[{"href":"https:\/\/zydowskidomseniora.com\/index.php?rest_route=\/wp\/v2\/types\/page"}],"author":[{"embeddable":true,"href":"https:\/\/zydowskidomseniora.com\/index.php?rest_route=\/wp\/v2\/users\/1"}],"replies":[{"embeddable":true,"href":"https:\/\/zydowskidomseniora.com\/index.php?rest_route=%2Fwp%2Fv2%2Fcomments&post=6"}],"version-history":[{"count":12,"href":"https:\/\/zydowskidomseniora.com\/index.php?rest_route=\/wp\/v2\/pages\/6\/revisions"}],"predecessor-version":[{"id":662,"href":"https:\/\/zydowskidomseniora.com\/index.php?rest_route=\/wp\/v2\/pages\/6\/revisions\/662"}],"wp:attachment":[{"href":"https:\/\/zydowskidomseniora.com\/index.php?rest_route=%2Fwp%2Fv2%2Fmedia&parent=6"}],"curies":[{"name":"wp","href":"https:\/\/api.w.org\/{rel}","templated":true}]}}