{"id":39,"date":"2020-01-04T16:41:49","date_gmt":"2020-01-04T16:41:49","guid":{"rendered":"http:\/\/zydowskidomseniora.com\/?page_id=39"},"modified":"2023-05-30T09:46:09","modified_gmt":"2023-05-30T09:46:09","slug":"aktualnosci","status":"publish","type":"page","link":"https:\/\/zydowskidomseniora.com\/?page_id=39","title":{"rendered":"Wsparcie 1,5%"},"content":{"rendered":"\n<h2 class=\"wp-block-heading\">Drodzy Przyjaciele! <\/h2>\n\n\n\n<p><\/p>\n\n\n\n<figure class=\"wp-block-image size-full\"><img loading=\"lazy\" decoding=\"async\" width=\"615\" height=\"302\" src=\"https:\/\/zydowskidomseniora.com\/wp-content\/uploads\/2023\/05\/baner-15.jpg\" alt=\"\" class=\"wp-image-863\" srcset=\"https:\/\/zydowskidomseniora.com\/wp-content\/uploads\/2023\/05\/baner-15.jpg 615w, https:\/\/zydowskidomseniora.com\/wp-content\/uploads\/2023\/05\/baner-15-300x147.jpg 300w\" sizes=\"auto, (max-width: 615px) 100vw, 615px\" \/><\/figure>\n\n\n\n<p>Stowarzyszenie&nbsp; \u017bydowski Dom Seniora gor\u0105co dzi\u0119kuje wszystkim ofiarodawcom&nbsp; za&nbsp; przekazanie na cele statutowe naszej organizacji darowizn oraz 1,5% podatku dochodowego.<\/p>\n\n\n\n<p><\/p>\n\n\n\n<p>Zach\u0119camy do skorzystania ze sprawdzonego programu do rozliczania podatku dochodowego PIT. Darmowy Program dostarcza Instytut Wsparcia Organizacji Pozarz\u0105dowych  <a href=\"http:\/\/www.iwop.pl\" data-type=\"URL\" data-id=\"www.iwop.pl\" target=\"_blank\" rel=\"noreferrer noopener\">www.iwop.pl<\/a> w ramach projektu  <a href=\"http:\/\/www.pitax.pl\/\" target=\"_blank\" rel=\"noreferrer noopener\">PITax.pl<\/a> dla OPP<\/p>\n\n\n\n<p><\/p>\n\n\n\n<h4 class=\"wp-block-heading\"><a href=\"http:\/\/pitax.pl\/krs\/0000347933\"><\/a><\/h4>\n\n\n\n<p><\/p>\n\n\n\n<p><\/p>\n\n\n\n<p>&nbsp;&nbsp;&nbsp;&nbsp;&nbsp;&nbsp;&nbsp;<\/p>\n","protected":false},"excerpt":{"rendered":"<p>Drodzy Przyjaciele! Stowarzyszenie&nbsp; \u017bydowski Dom Seniora gor\u0105co dzi\u0119kuje wszystkim ofiarodawcom&nbsp; za&nbsp; przekazanie na cele statutowe naszej organizacji darowizn oraz 1,5% podatku dochodowego. Zach\u0119camy do skorzystania ze sprawdzonego programu do rozliczania podatku dochodowego PIT. Darmowy Program dostarcza Instytut Wsparcia Organizacji Pozarz\u0105dowych www.iwop.pl w ramach projektu PITax.pl dla OPP &nbsp;&nbsp;&nbsp;&nbsp;&nbsp;&nbsp;&nbsp;<\/p>\n","protected":false},"author":1,"featured_media":0,"parent":0,"menu_order":0,"comment_status":"closed","ping_status":"closed","template":"page-templates\/full-width.php","meta":{"footnotes":""},"class_list":["post-39","page","type-page","status-publish","h-entry","hentry","h-as-page"],"_links":{"self":[{"href":"https:\/\/zydowskidomseniora.com\/index.php?rest_route=\/wp\/v2\/pages\/39","targetHints":{"allow":["GET"]}}],"collection":[{"href":"https:\/\/zydowskidomseniora.com\/index.php?rest_route=\/wp\/v2\/pages"}],"about":[{"href":"https:\/\/zydowskidomseniora.com\/index.php?rest_route=\/wp\/v2\/types\/page"}],"author":[{"embeddable":true,"href":"https:\/\/zydowskidomseniora.com\/index.php?rest_route=\/wp\/v2\/users\/1"}],"replies":[{"embeddable":true,"href":"https:\/\/zydowskidomseniora.com\/index.php?rest_route=%2Fwp%2Fv2%2Fcomments&post=39"}],"version-history":[{"count":13,"href":"https:\/\/zydowskidomseniora.com\/index.php?rest_route=\/wp\/v2\/pages\/39\/revisions"}],"predecessor-version":[{"id":865,"href":"https:\/\/zydowskidomseniora.com\/index.php?rest_route=\/wp\/v2\/pages\/39\/revisions\/865"}],"wp:attachment":[{"href":"https:\/\/zydowskidomseniora.com\/index.php?rest_route=%2Fwp%2Fv2%2Fmedia&parent=39"}],"curies":[{"name":"wp","href":"https:\/\/api.w.org\/{rel}","templated":true}]}}