{"id":302,"date":"2020-02-04T10:57:58","date_gmt":"2020-02-04T10:57:58","guid":{"rendered":"http:\/\/zydowskidomseniora.com\/?page_id=302"},"modified":"2020-09-24T10:25:15","modified_gmt":"2020-09-24T10:25:15","slug":"polin","status":"publish","type":"page","link":"https:\/\/zydowskidomseniora.com\/?page_id=302","title":{"rendered":"POLIN"},"content":{"rendered":"\n<p><strong><span class=\"has-inline-color has-vivid-purple-color\">MUZEUM HISTORII \u017bYD\u00d3W POLSKICH \u2013 POLIN<\/span><\/strong><\/p>\n\n\n\n<p>Pomys\u0142 utworzenia Muzeum Historii \u017byd\u00f3w Polskich powsta\u0142 w Stowarzyszeniu \u017bydowski Instytut Historyczny. Wraz z rozpowszechnianiem tej idei stopniowo uzyskano poparcie w kraju i za granic\u0105. Dzi\u0119ki wsparciu indywidualnych i instytucjonalnych darczy\u0144c\u00f3w z ca\u0142ego \u015bwiata mo\u017cliwe by\u0142o rozpocz\u0119cie prac nad projektem muzeum w 1995 roku i kontynuowanie ich jako inicjatywy spo\u0142ecznej do roku 2005, kiedy utworzono partnerstwo publiczno-prywatne. Na mocy tr\u00f3jstronnego porozumienia zosta\u0142o oficjalnie utworzone Muzeum Historii \u017byd\u00f3w Polskich. Po latach do nazwy do\u0142\u0105czono Polin, co w j\u0119zyku \u017cydowskim oznacza \u2013 Polska.<br>Muzeum Polin jest nowoczesn\u0105 instytucj\u0105 kultury \u2013 muzeum historycznym, kt\u00f3re ukazuje na wystawie g\u0142\u00f3wnej 1000 lat dziej\u00f3w \u017byd\u00f3w polskich.<br>Muzeum prowadzi szerok\u0105 dzia\u0142alno\u015b\u0107 \u2013 organizuje wystawy czasowe, dzia\u0142ania edukacyjne, konferencje naukowe i rezydencje artystyczne.<br>Muzeum Historii \u017byd\u00f3w Polskich sta\u0142o si\u0119 o\u015brodkiem dialogu i upowszechniania wiedzy o historii i dziedzictwie \u017cydowskim.<br>W tych r\u00f3\u017cnorodnych pracach pomaga dobrze dzia\u0142aj\u0105cy, rozbudowany wolontariat.<\/p>\n\n\n\n<p><strong>Adres: ul. Mordechaja Anielewicza 6, 00-157 Warszawa, tel: +48 22\/47 10\u00a0300<\/strong><br><a rel=\"noreferrer noopener\" href=\"https:\/\/polin.pl\/pl\" target=\"_blank\"><strong>https:\/\/polin.pl\/pl<\/strong><\/a><br><\/p>\n\n\n\n<figure class=\"wp-block-gallery columns-3 is-cropped wp-block-gallery-1 is-layout-flex wp-block-gallery-is-layout-flex\"><ul class=\"blocks-gallery-grid\"><li class=\"blocks-gallery-item\"><figure><img loading=\"lazy\" decoding=\"async\" width=\"1024\" height=\"458\" src=\"https:\/\/zydowskidomseniora.com\/wp-content\/uploads\/2020\/09\/Polin-siedziba-1-1024x458.jpg\" alt=\"\" data-id=\"681\" data-full-url=\"https:\/\/zydowskidomseniora.com\/wp-content\/uploads\/2020\/09\/Polin-siedziba-1-scaled.jpg\" data-link=\"https:\/\/zydowskidomseniora.com\/?attachment_id=681\" class=\"wp-image-681\" srcset=\"https:\/\/zydowskidomseniora.com\/wp-content\/uploads\/2020\/09\/Polin-siedziba-1-1024x458.jpg 1024w, https:\/\/zydowskidomseniora.com\/wp-content\/uploads\/2020\/09\/Polin-siedziba-1-300x134.jpg 300w, https:\/\/zydowskidomseniora.com\/wp-content\/uploads\/2020\/09\/Polin-siedziba-1-768x343.jpg 768w, https:\/\/zydowskidomseniora.com\/wp-content\/uploads\/2020\/09\/Polin-siedziba-1-1536x687.jpg 1536w, https:\/\/zydowskidomseniora.com\/wp-content\/uploads\/2020\/09\/Polin-siedziba-1-2048x916.jpg 2048w, https:\/\/zydowskidomseniora.com\/wp-content\/uploads\/2020\/09\/Polin-siedziba-1-960x429.jpg 960w\" sizes=\"auto, (max-width: 1024px) 100vw, 1024px\" \/><\/figure><\/li><li class=\"blocks-gallery-item\"><figure><img loading=\"lazy\" decoding=\"async\" width=\"758\" height=\"377\" src=\"https:\/\/zydowskidomseniora.com\/wp-content\/uploads\/2020\/09\/Polin-siedziba-2.jpg\" alt=\"\" data-id=\"682\" data-full-url=\"https:\/\/zydowskidomseniora.com\/wp-content\/uploads\/2020\/09\/Polin-siedziba-2.jpg\" data-link=\"https:\/\/zydowskidomseniora.com\/?attachment_id=682\" class=\"wp-image-682\" srcset=\"https:\/\/zydowskidomseniora.com\/wp-content\/uploads\/2020\/09\/Polin-siedziba-2.jpg 758w, https:\/\/zydowskidomseniora.com\/wp-content\/uploads\/2020\/09\/Polin-siedziba-2-300x149.jpg 300w\" sizes=\"auto, (max-width: 758px) 100vw, 758px\" \/><\/figure><\/li><li class=\"blocks-gallery-item\"><figure><img loading=\"lazy\" decoding=\"async\" width=\"784\" height=\"522\" src=\"https:\/\/zydowskidomseniora.com\/wp-content\/uploads\/2020\/09\/Polin-siedziba-3.jpg\" alt=\"\" data-id=\"683\" data-full-url=\"https:\/\/zydowskidomseniora.com\/wp-content\/uploads\/2020\/09\/Polin-siedziba-3.jpg\" data-link=\"https:\/\/zydowskidomseniora.com\/?attachment_id=683\" class=\"wp-image-683\" srcset=\"https:\/\/zydowskidomseniora.com\/wp-content\/uploads\/2020\/09\/Polin-siedziba-3.jpg 784w, https:\/\/zydowskidomseniora.com\/wp-content\/uploads\/2020\/09\/Polin-siedziba-3-300x200.jpg 300w, https:\/\/zydowskidomseniora.com\/wp-content\/uploads\/2020\/09\/Polin-siedziba-3-768x511.jpg 768w\" sizes=\"auto, (max-width: 784px) 100vw, 784px\" \/><\/figure><\/li><\/ul><\/figure>\n","protected":false},"excerpt":{"rendered":"<p>MUZEUM HISTORII \u017bYD\u00d3W POLSKICH \u2013 POLIN Pomys\u0142 utworzenia Muzeum Historii \u017byd\u00f3w Polskich powsta\u0142 w Stowarzyszeniu \u017bydowski Instytut Historyczny. Wraz z rozpowszechnianiem tej idei stopniowo uzyskano poparcie w kraju i za granic\u0105. Dzi\u0119ki wsparciu indywidualnych i instytucjonalnych darczy\u0144c\u00f3w z ca\u0142ego \u015bwiata mo\u017cliwe by\u0142o rozpocz\u0119cie prac nad projektem muzeum w 1995 roku i kontynuowanie ich jako inicjatywy <a href=\"https:\/\/zydowskidomseniora.com\/?page_id=302\" class=\"more-link\">Czytaj dalej...<span class=\"screen-reader-text\"> \"POLIN\"<\/span><\/a><\/p>\n","protected":false},"author":1,"featured_media":0,"parent":0,"menu_order":0,"comment_status":"closed","ping_status":"closed","template":"page-templates\/full-width.php","meta":{"footnotes":""},"class_list":["post-302","page","type-page","status-publish","h-entry","hentry","h-as-page"],"_links":{"self":[{"href":"https:\/\/zydowskidomseniora.com\/index.php?rest_route=\/wp\/v2\/pages\/302","targetHints":{"allow":["GET"]}}],"collection":[{"href":"https:\/\/zydowskidomseniora.com\/index.php?rest_route=\/wp\/v2\/pages"}],"about":[{"href":"https:\/\/zydowskidomseniora.com\/index.php?rest_route=\/wp\/v2\/types\/page"}],"author":[{"embeddable":true,"href":"https:\/\/zydowskidomseniora.com\/index.php?rest_route=\/wp\/v2\/users\/1"}],"replies":[{"embeddable":true,"href":"https:\/\/zydowskidomseniora.com\/index.php?rest_route=%2Fwp%2Fv2%2Fcomments&post=302"}],"version-history":[{"count":3,"href":"https:\/\/zydowskidomseniora.com\/index.php?rest_route=\/wp\/v2\/pages\/302\/revisions"}],"predecessor-version":[{"id":684,"href":"https:\/\/zydowskidomseniora.com\/index.php?rest_route=\/wp\/v2\/pages\/302\/revisions\/684"}],"wp:attachment":[{"href":"https:\/\/zydowskidomseniora.com\/index.php?rest_route=%2Fwp%2Fv2%2Fmedia&parent=302"}],"curies":[{"name":"wp","href":"https:\/\/api.w.org\/{rel}","templated":true}]}}