{"id":294,"date":"2020-02-04T10:55:44","date_gmt":"2020-02-04T10:55:44","guid":{"rendered":"http:\/\/zydowskidomseniora.com\/?page_id=294"},"modified":"2020-09-24T10:08:19","modified_gmt":"2020-09-24T10:08:19","slug":"osrodki-kultury","status":"publish","type":"page","link":"https:\/\/zydowskidomseniora.com\/?page_id=294","title":{"rendered":"Instytucje kultury"},"content":{"rendered":"\n<p class=\"has-text-color has-vivid-purple-color\"><a href=\"https:\/\/zydowskidomseniora.com\/?page_id=296\" target=\"_blank\" rel=\"noreferrer noopener\"><em><span class=\"has-inline-color has-vivid-purple-color\">\u017bydowski Instytut Historyczny <\/span><\/em><\/a><\/p>\n\n\n\n<p><a href=\"https:\/\/zydowskidomseniora.com\/?page_id=300\" target=\"_blank\" rel=\"noreferrer noopener\"><em><span class=\"has-inline-color has-vivid-purple-color\">Centrum Kultury Jidysh<\/span><\/em><\/a><\/p>\n\n\n\n<p><a href=\"https:\/\/zydowskidomseniora.com\/?page_id=298\" target=\"_blank\" rel=\"noreferrer noopener\"><span class=\"has-inline-color has-vivid-purple-color\"><em>Jewish Community Center<\/em>\u00a0-\u00a0<em>Centrum Spo\u0142eczno\u015bci \u017bydowskiej<\/em><\/span><\/a><\/p>\n\n\n\n<p><\/p>\n","protected":false},"excerpt":{"rendered":"<p>\u017bydowski Instytut Historyczny Centrum Kultury Jidysh Jewish Community Center\u00a0-\u00a0Centrum Spo\u0142eczno\u015bci \u017bydowskiej<\/p>\n","protected":false},"author":1,"featured_media":0,"parent":0,"menu_order":0,"comment_status":"closed","ping_status":"closed","template":"page-templates\/full-width.php","meta":{"footnotes":""},"class_list":["post-294","page","type-page","status-publish","h-entry","hentry","h-as-page"],"_links":{"self":[{"href":"https:\/\/zydowskidomseniora.com\/index.php?rest_route=\/wp\/v2\/pages\/294","targetHints":{"allow":["GET"]}}],"collection":[{"href":"https:\/\/zydowskidomseniora.com\/index.php?rest_route=\/wp\/v2\/pages"}],"about":[{"href":"https:\/\/zydowskidomseniora.com\/index.php?rest_route=\/wp\/v2\/types\/page"}],"author":[{"embeddable":true,"href":"https:\/\/zydowskidomseniora.com\/index.php?rest_route=\/wp\/v2\/users\/1"}],"replies":[{"embeddable":true,"href":"https:\/\/zydowskidomseniora.com\/index.php?rest_route=%2Fwp%2Fv2%2Fcomments&post=294"}],"version-history":[{"count":6,"href":"https:\/\/zydowskidomseniora.com\/index.php?rest_route=\/wp\/v2\/pages\/294\/revisions"}],"predecessor-version":[{"id":678,"href":"https:\/\/zydowskidomseniora.com\/index.php?rest_route=\/wp\/v2\/pages\/294\/revisions\/678"}],"wp:attachment":[{"href":"https:\/\/zydowskidomseniora.com\/index.php?rest_route=%2Fwp%2Fv2%2Fmedia&parent=294"}],"curies":[{"name":"wp","href":"https:\/\/api.w.org\/{rel}","templated":true}]}}