{"id":282,"date":"2020-02-04T10:53:22","date_gmt":"2020-02-04T10:53:22","guid":{"rendered":"http:\/\/zydowskidomseniora.com\/?page_id=282"},"modified":"2020-07-17T09:48:54","modified_gmt":"2020-07-17T09:48:54","slug":"artykuly","status":"publish","type":"page","link":"https:\/\/zydowskidomseniora.com\/?page_id=282","title":{"rendered":"Artyku\u0142y"},"content":{"rendered":"\n<h4 class=\"wp-block-heading\"><a href=\"https:\/\/zydowskidomseniora.com\/wp-content\/uploads\/2020\/02\/Wspomnienia-o-Ninel.docx\" target=\"_blank\" rel=\"noreferrer noopener\" aria-label=\"Pisarka, malarka, kawiarka. Wspomnienia o Ninel Kameraz \u2013 Kos (1937-2012) (otwiera si\u0119 na nowej zak\u0142adce)\">Pisarka, malarka, kawiarka. Wspomnienia o Ninel Kameraz \u2013 Kos (1937-2012)<\/a><\/h4>\n\n\n\n<h4 class=\"wp-block-heading\"><a rel=\"noreferrer noopener\" aria-label=\"List do Oneg Szabat (otwiera si\u0119 na nowej zak\u0142adce)\" href=\"https:\/\/zydowskidomseniora.com\/wp-content\/uploads\/2020\/02\/List-do-Oneg-Szabat.docx\" target=\"_blank\">List do Oneg Szabat<\/a> <\/h4>\n\n\n\n<p>Oneg Szabat \u2013 po hebrajsku Rado\u015b\u0107 Soboty jest nazw\u0105 podziemnej organizacji \u017cydowskiej za\u0142o\u017conej przez grup\u0119 os\u00f3b skupionych wok\u00f3\u0142 historyka Emanuela Ringelbluma w celu dokumentowania \u017cycia w getcie warszawskim<\/p>\n\n\n\n<h4 class=\"wp-block-heading\"><strong><a rel=\"noreferrer noopener\" aria-label=\"SPO\u0141ECZNY PORTRET POGROMU KIELECKIEGO  (otwiera si\u0119 na nowej zak\u0142adce)\" href=\"https:\/\/zydowskidomseniora.com\/wp-content\/uploads\/2020\/02\/SPO\u0141ECZNY-PORTRET-POGROMU-KIELECKIEGO.docx\" target=\"_blank\">SPO\u0141ECZNY PORTRET POGROMU KIELECKIEGO <\/a><\/strong>&nbsp;<\/h4>\n\n\n\n<p>Spotkanie dotyczy\u0142o ksi\u0105\u017cki  prof. Tokarskiej-Bakir  na temat pogromu kieleckiego&nbsp;\u201ePod kl\u0105tw\u0105. Spo\u0142eczny portret pogromu kieleckiego. \u201d To samozap\u0142on antysemityzmu bez prowokacji\u201d \u2013 ocenia autorka. <\/p>\n\n\n\n<h4 class=\"wp-block-heading\"><a href=\"https:\/\/zydowskidomseniora.com\/wp-content\/uploads\/2020\/07\/Sendlerowa-Krahelska-Kossak-Szczucka-czyli-niewszystkie-kobiety-\u201e\u017begoty\u201d.docx\" target=\"_blank\" rel=\"noreferrer noopener\">Sendlerowa, Krahelska, Kossak-Szczucka czyli (nie)wszystkie kobiety \u201e\u017begoty\u201d<\/a><\/h4>\n\n\n\n<p>21 wrze\u015bnia 1942 roku dobieg\u0142a ko\u0144ca Wielka Akcja, kt\u00f3r\u0105 przyp\u0142aci\u0142o \u017cyciem ponad 250 tysi\u0119cy mieszka\u0144c\u00f3w warszawskiego getta. Nieliczni, kt\u00f3rych&nbsp;przed&nbsp;transportami \u015bmierci uratowa\u0142a ucieczka...<\/p>\n\n\n\n<p><strong><a href=\"https:\/\/zydowskidomseniora.com\/wp-content\/uploads\/2020\/07\/KILKA-S\u0141\u00d3W-O-ETIOPSKICH-\u017bYDACH.docx\" target=\"_blank\" rel=\"noreferrer noopener\">KILKA S\u0141\u00d3W O ETIOPSKICH \u017bYDACH<\/a><\/strong><\/p>\n\n\n\n<p>Etiopscy \u017bydzi, czy raczej jak sami si\u0119&nbsp;okre\u015blaj\u0105 - Biete Israel, mieszkaj\u0105&nbsp;w Etiopii od stuleci. \u015awiat zachodni dowiedzia\u0142 si\u0119&nbsp;o ich istnieniu za spraw\u0105 protestanckich misjonarzy, kt\u00f3rzy w XIX wieku dzia\u0142ali w Etiopii. Ich opowie\u015bci o&nbsp;&nbsp;Biete Israel by\u0142y impulsem dla \u017cydowskich badaczy aby nawi\u0105za\u0107&nbsp;kontakt z etiopsk\u0105 diaspor\u0105...<\/p>\n\n\n\n<h4 class=\"wp-block-heading\"><a href=\"https:\/\/zydowskidomseniora.com\/wp-content\/uploads\/2020\/07\/Jak-Muzu\u0142manie-ratowali-\u017byd\u00f3w-podczas-II-Wojny-\u015awiatowej.docx\" target=\"_blank\" rel=\"noreferrer noopener\">Jak Muzu\u0142manie ratowali \u017byd\u00f3w podczas II Wojny \u015awiatowej<\/a><\/h4>\n\n\n\n<p>Niestety bardzo ma\u0142o wiemy o pomocy udzielanej \u017bydom przez spo\u0142eczno\u015bci muzu\u0142ma\u0144skie w r\u00f3\u017cnych krajach&nbsp;&nbsp;w czasie Holocaustu. W Polsce niewiele jest materia\u0142\u00f3w poruszaj\u0105cych to zagadnienie...<\/p>\n\n\n\n<h4 class=\"wp-block-heading\"><a href=\"https:\/\/zydowskidomseniora.com\/wp-content\/uploads\/2020\/07\/Janosik-z-piek\u0142a-\u2013-opowie\u015b\u0107-o-Menda\u0142e-Milerze.docx\" target=\"_blank\" rel=\"noreferrer noopener\">Janosik z piek\u0142a \u2013 opowie\u015b\u0107 o Menda\u0142e Milerze<\/a><\/h4>\n\n\n\n<p>Od niepami\u0119tnych czas\u00f3w s\u0105deczanie wiedzieli, \u017ce na Piekle (dzielnicy miasta wzd\u0142u\u017c ulicy Lwowskiej) mieszka\u0142 najbardziej przest\u0119pczy i awanturniczy element w okolicy...<\/p>\n\n\n\n<p><strong><a href=\"https:\/\/zydowskidomseniora.com\/wp-content\/uploads\/2020\/07\/LEGENDA-O-GOLEMIE.docx\" target=\"_blank\" rel=\"noreferrer noopener\">LEGENDA O GOLEMIE<\/a><\/strong><\/p>\n\n\n\n<p>W tradycji \u017cydowskiej znajdujemy kilka wersji legendy o Golemie. Golem to istota ulepiona z gliny, podobna do cz\u0142owieka, pozbawiona duszy i zdolno\u015bci m\u00f3wienia. Jest to istota bezwolna, bezmy\u015blna i podporz\u0105dkowana cz\u0142owiekowi. Najbardziej znan\u0105 jest legenda o Golemie stworzonym w Pradze w II po\u0142owie XVI wieku... <\/p>\n\n\n\n<p><strong><a href=\"https:\/\/zydowskidomseniora.com\/wp-content\/uploads\/2020\/07\/\u017bYDOWSKA-CZESKA-PRAGA.docx\" target=\"_blank\" rel=\"noreferrer noopener\">\u017bYDOWSKA CZESKA PRAGA<\/a><\/strong><\/p>\n\n\n\n<p>Zach\u0119cam do zwiedzenia niezwyk\u0142ego miejsca w Pradze Czeskiej \u2013 dzielnicy \u017cydowskiej,&nbsp;&nbsp;jednej z najciekawszych w Europie. Na szcz\u0119\u015bcie Praga nie zosta\u0142a zniszczona podczas II Wojny \u015awiatowej i dzi\u0119ki temu mo\u017cemy ogl\u0105da\u0107 jej cenne zabytki w stanie oryginalnym.&nbsp;&nbsp;Dzielnic\u0119 \u017cydowsk\u0105 w Pradze Czesi nazywaj\u0105 \u017bydowskim Miastem...<\/p>\n\n\n\n<h4 class=\"wp-block-heading\"><a href=\"https:\/\/zydowskidomseniora.com\/wp-content\/uploads\/2020\/07\/Aborcja-a-\u017cydowskie-prawo-religijne-halacha.docx\" target=\"_blank\" rel=\"noreferrer noopener\">Aborcja a \u017cydowskie prawo religijne (halacha) \u201e\u015awi\u0119to\u015b\u0107 ludzkiego \u017cycia\" zosta\u0142a og\u0142oszona w Torze<\/a><\/h4>\n\n\n\n<p>Poniewa\u017c zagadnienie dopuszczalno\u015bci lub zakazu aborcji zn\u00f3w pojawia si\u0119 w medialnych nag\u0142\u00f3wkach, sp\u00f3jrzmy jak spraw\u0119 traktuje \u017cydowskie prawo religijne (halacha) i wpisana w to prawo \u017cydowska filozofia cz\u0142owieka...      <\/p>\n\n\n\n<p><a href=\"https:\/\/zydowskidomseniora.com\/wp-content\/uploads\/2020\/07\/Ze-zbioru-dowcip\u00f3w-\u017cydowskich.docx\" target=\"_blank\" rel=\"noreferrer noopener\"><strong>ZE ZBIORU DOWCIP\u00d3W \u017bYDOWSKICH<\/strong><\/a><\/p>\n\n\n\n<p><strong>PIORUN, KT\u00d3RY ZMIENI\u0141 \u017bYCIE ITY RAJZER<\/strong><\/p>\n\n\n\n<p>Bardzo ciekawa historia rodziny \u017cydowskiej, kt\u00f3ra sta\u0142a si\u0119 w\u0142a\u015bcicielami ziemi rolnej.&nbsp;&nbsp;Los rodziny, ich dziesi\u0119ciorga dzieci i licznych wnuk\u00f3w przez jedno bardzo bogate w wydarzenia stulecie (od 1830r. do 1930r.) opowiedzia\u0142a Hanna Lanota.<\/p>\n\n\n\n<p><em>Popularny stereotyp przedstawia \u017byda wy\u0142\u0105cznie jako mieszka\u0144ca miasta, ma\u0142ego lub te\u017c wielkiego, zajmuj\u0105cego si\u0119 handlem lub rzemios\u0142em,<\/em><\/p>\n\n\n\n<p><em>Zainteresowanych problemem osadnictwa \u017byd\u00f3w na wsi w Polsce odsy\u0142amy do strony Internetowej\u00a0 <\/em><a href=\"http:\/\/www.sztetl.org.pl\" target=\"_blank\" rel=\"noreferrer noopener\">www.sztetl.org.pl<\/a><\/p>\n\n\n\n<p><strong><span class=\"has-inline-color has-very-dark-gray-color\"><a rel=\"noreferrer noopener\" href=\"https:\/\/zydowskidomseniora.com\/wp-content\/uploads\/2020\/07\/M\u00d3J-TATA-1.docx\" target=\"_blank\">M\u00d3J TATA<\/a><\/span> <\/strong><\/p>\n\n\n\n<p>Henryka Prajsa wspomina c\u00f3rka Ma\u0142gorzata Blicharz.<\/p>\n","protected":false},"excerpt":{"rendered":"<p>Pisarka, malarka, kawiarka. Wspomnienia o Ninel Kameraz \u2013 Kos (1937-2012) List do Oneg Szabat Oneg Szabat \u2013 po hebrajsku Rado\u015b\u0107 Soboty jest nazw\u0105 podziemnej organizacji \u017cydowskiej za\u0142o\u017conej przez grup\u0119 os\u00f3b skupionych wok\u00f3\u0142 historyka Emanuela Ringelbluma w celu dokumentowania \u017cycia w getcie warszawskim SPO\u0141ECZNY PORTRET POGROMU KIELECKIEGO &nbsp; Spotkanie dotyczy\u0142o ksi\u0105\u017cki prof. Tokarskiej-Bakir na temat pogromu <a href=\"https:\/\/zydowskidomseniora.com\/?page_id=282\" class=\"more-link\">Czytaj dalej...<span class=\"screen-reader-text\"> \"Artyku\u0142y\"<\/span><\/a><\/p>\n","protected":false},"author":1,"featured_media":0,"parent":0,"menu_order":0,"comment_status":"closed","ping_status":"closed","template":"page-templates\/full-width.php","meta":{"footnotes":""},"class_list":["post-282","page","type-page","status-publish","h-entry","hentry","h-as-page"],"_links":{"self":[{"href":"https:\/\/zydowskidomseniora.com\/index.php?rest_route=\/wp\/v2\/pages\/282","targetHints":{"allow":["GET"]}}],"collection":[{"href":"https:\/\/zydowskidomseniora.com\/index.php?rest_route=\/wp\/v2\/pages"}],"about":[{"href":"https:\/\/zydowskidomseniora.com\/index.php?rest_route=\/wp\/v2\/types\/page"}],"author":[{"embeddable":true,"href":"https:\/\/zydowskidomseniora.com\/index.php?rest_route=\/wp\/v2\/users\/1"}],"replies":[{"embeddable":true,"href":"https:\/\/zydowskidomseniora.com\/index.php?rest_route=%2Fwp%2Fv2%2Fcomments&post=282"}],"version-history":[{"count":39,"href":"https:\/\/zydowskidomseniora.com\/index.php?rest_route=\/wp\/v2\/pages\/282\/revisions"}],"predecessor-version":[{"id":657,"href":"https:\/\/zydowskidomseniora.com\/index.php?rest_route=\/wp\/v2\/pages\/282\/revisions\/657"}],"wp:attachment":[{"href":"https:\/\/zydowskidomseniora.com\/index.php?rest_route=%2Fwp%2Fv2%2Fmedia&parent=282"}],"curies":[{"name":"wp","href":"https:\/\/api.w.org\/{rel}","templated":true}]}}