{"id":276,"date":"2020-02-04T10:45:45","date_gmt":"2020-02-04T10:45:45","guid":{"rendered":"http:\/\/zydowskidomseniora.com\/?page_id=276"},"modified":"2021-03-28T13:37:31","modified_gmt":"2021-03-28T13:37:31","slug":"swieta-zydowskie","status":"publish","type":"page","link":"https:\/\/zydowskidomseniora.com\/?page_id=276","title":{"rendered":"\u015awi\u0119ta \u017cydowskie"},"content":{"rendered":"\n<p><a href=\"https:\/\/zydowskidomseniora.com\/wp-content\/uploads\/2021\/03\/Pesach-wyk\u0142ad-gotowy.mp4\"><strong>Wyk\u0142ad Jagny Kofty - Pesach<\/strong><\/a><\/p>\n\n\n\n<p><\/p>\n\n\n\n<p><a href=\"https:\/\/zydowskidomseniora.com\/wp-content\/uploads\/2021\/02\/Purim2.mp4\"><strong>Wyk\u0142ad Jagny Kofty \u2013 Purim<\/strong><\/a><\/p>\n\n\n\n<p><a rel=\"noreferrer noopener\" href=\"https:\/\/zydowskidomseniora.com\/wp-content\/uploads\/2021\/01\/Tu-bi-szwat.ppt\" target=\"_blank\"><strong><span class=\"has-inline-color has-vivid-green-cyan-color\">TU BI SZWAT <\/span><\/strong>- materia\u0142y<\/a>, <a rel=\"noreferrer noopener\" href=\"https:\/\/zydowskidomseniora.com\/wp-content\/uploads\/2021\/01\/Tu-Bi-Szwat-Ma\u0142y-Przegl\u0105d-1928.doc\" target=\"_blank\">Ma\u0142y Przegl\u0105d 1928r.<\/a> <a rel=\"noreferrer noopener\" href=\"https:\/\/zydowskidomseniora.com\/wp-content\/uploads\/2021\/01\/Tu-Bi-Szwat-Nowy-Rok-Drzew.doc\" target=\"_blank\">Nowy Rok Drzew<\/a><\/p>\n\n\n\n<p><a href=\"https:\/\/zydowskidomseniora.com\/wp-content\/uploads\/2021\/02\/Tu-Bi-Szwat_Jagna-Kofta.mp4\"><strong>Wyk\u0142ad Jagny Kofty - Tu Bi Szwat<\/strong><\/a><\/p>\n\n\n\n<p><strong><span style=\"color:#be37d3\" class=\"has-inline-color\"><a href=\"https:\/\/zydowskidomseniora.com\/wp-content\/uploads\/2020\/12\/Chanuka-1.mp4\" target=\"_blank\" rel=\"noreferrer noopener\">Wyk\u0142ad Jagny Kofty - Chanuka<\/a><\/span><\/strong><\/p>\n\n\n\n<p><span class=\"has-inline-color has-vivid-purple-color\"><a href=\"https:\/\/zydowskidomseniora.com\/wp-content\/uploads\/2020\/12\/DREJDEL-INSTRUKCJA-GRY.doc\" target=\"_blank\" rel=\"noreferrer noopener\"><strong>DREJDEL<\/strong> instrukcja gry<\/a><\/span><\/p>\n\n\n\n<p><span style=\"color:#722525\" class=\"has-inline-color\"><a href=\"https:\/\/zydowskidomseniora.com\/wp-content\/uploads\/2020\/12\/Opowiadanie-Chanukowe-Koza-Zlatka.doc\" target=\"_blank\" rel=\"noreferrer noopener\"><strong>CHANUKOWE OPOWIADANIE<\/strong><\/a><\/span><\/p>\n\n\n\n<p><strong><a rel=\"noreferrer noopener\" href=\"https:\/\/zydowskidomseniora.com\/wp-content\/uploads\/2020\/12\/CHANUKA-2020_5781.doc\" target=\"_blank\"><span class=\"has-inline-color has-vivid-red-color\">CHANUKA 2020\/5781<\/span><\/a><\/strong><\/p>\n","protected":false},"excerpt":{"rendered":"<p>Wyk\u0142ad Jagny Kofty - Pesach Wyk\u0142ad Jagny Kofty \u2013 Purim TU BI SZWAT - materia\u0142y, Ma\u0142y Przegl\u0105d 1928r. Nowy Rok Drzew Wyk\u0142ad Jagny Kofty - Tu Bi Szwat Wyk\u0142ad Jagny Kofty - Chanuka DREJDEL instrukcja gry CHANUKOWE OPOWIADANIE CHANUKA 2020\/5781<\/p>\n","protected":false},"author":1,"featured_media":0,"parent":0,"menu_order":0,"comment_status":"closed","ping_status":"closed","template":"page-templates\/full-width.php","meta":{"footnotes":""},"class_list":["post-276","page","type-page","status-publish","h-entry","hentry","h-as-page"],"_links":{"self":[{"href":"https:\/\/zydowskidomseniora.com\/index.php?rest_route=\/wp\/v2\/pages\/276","targetHints":{"allow":["GET"]}}],"collection":[{"href":"https:\/\/zydowskidomseniora.com\/index.php?rest_route=\/wp\/v2\/pages"}],"about":[{"href":"https:\/\/zydowskidomseniora.com\/index.php?rest_route=\/wp\/v2\/types\/page"}],"author":[{"embeddable":true,"href":"https:\/\/zydowskidomseniora.com\/index.php?rest_route=\/wp\/v2\/users\/1"}],"replies":[{"embeddable":true,"href":"https:\/\/zydowskidomseniora.com\/index.php?rest_route=%2Fwp%2Fv2%2Fcomments&post=276"}],"version-history":[{"count":25,"href":"https:\/\/zydowskidomseniora.com\/index.php?rest_route=\/wp\/v2\/pages\/276\/revisions"}],"predecessor-version":[{"id":761,"href":"https:\/\/zydowskidomseniora.com\/index.php?rest_route=\/wp\/v2\/pages\/276\/revisions\/761"}],"wp:attachment":[{"href":"https:\/\/zydowskidomseniora.com\/index.php?rest_route=%2Fwp%2Fv2%2Fmedia&parent=276"}],"curies":[{"name":"wp","href":"https:\/\/api.w.org\/{rel}","templated":true}]}}