{"id":259,"date":"2020-02-04T10:35:13","date_gmt":"2020-02-04T10:35:13","guid":{"rendered":"http:\/\/zydowskidomseniora.com\/?page_id=259"},"modified":"2020-02-16T08:44:01","modified_gmt":"2020-02-16T08:44:01","slug":"statut-2","status":"publish","type":"page","link":"https:\/\/zydowskidomseniora.com\/?page_id=259","title":{"rendered":"Statut"},"content":{"rendered":"\n<p><strong>Stowarzyszenia \u017bydowski Dom Seniora <em>(Moszaw Zkenim)<\/em><\/strong> <\/p>\n\n\n\n<p>z dnia 4 wrze\u015bnia 2012                   <em>(tekst jednolity)<\/em><\/p>\n\n\n\n<p><strong>Rozdzia\u0142 I<\/strong><\/p>\n\n\n\n<p><strong>Przepisy\nog\u00f3lne<\/strong><\/p>\n\n\n\n<p>\u00a71        Stowarzyszenie nosi nazw\u0119 Stowarzyszenie \u201e\u017bydowski Dom Seniora (Moszaw Zkenim)\u201d, zwane dalej <strong>S\u017bDS<\/strong>.     S\u017bDS kontynuuje dzia\u0142alno\u015b\u0107 Towarzystwa \u201eDom Starc\u00f3w (Moszaw Zkenim)\u201d dzia\u0142aj\u0105cego w Warszawie przed II wojn\u0105 \u015bwiatow\u0105.<\/p>\n\n\n\n<p>\u00a72      S\u017bDS posiada osobowo\u015b\u0107 prawn\u0105.<\/p>\n\n\n\n<p>\u00a73      S\u017bDS dzia\u0142a na obszarze Rzeczypospolitej &nbsp;Polskiej i ma siedzib\u0119 w Warszawie.<\/p>\n\n\n\n<p>\u00a74      S\u017bDS mo\u017ce posiada\u0107 piecz\u0119\u0107 i odznak\u0119 zgodnie z obowi\u0105zuj\u0105cymi w tym wzgl\u0119dzie przepisami<em>.<\/em><\/p>\n\n\n\n<p>\u00a75      Dzia\u0142alno\u015b\u0107 S\u017bDS opiera si\u0119 na pracy spo\u0142ecznej jej cz\u0142onk\u00f3w; do prowadzenia swych spraw mo\u017ce zatrudnia\u0107 pracownik\u00f3w.<\/p>\n\n\n\n<p><strong>Rozdzia\u0142 II<\/strong>         <strong>Cele i \u015brodki dzia\u0142ania<\/strong><\/p>\n\n\n\n<p>\u00a76    Celem S\u017bDS jest poprawa sytuacji spo\u0142eczno-ekonomicznej, kulturalno-o\u015bwiatowej oraz &nbsp;przeciwdzia\u0142anie wykluczeniu spo\u0142ecznemu senior\u00f3w \u015brodowiska \u017cydowskiego, a tak\u017ce &nbsp;szerzeniu tradycji \u017cydowskiej. <\/p>\n\n\n\n<p>\u00a77    S\u017bDS realizuje swoje cele przez:<\/p>\n\n\n\n<ol class=\"wp-block-list\"><li>zak\u0142adanie i prowadzenie o\u015brodk\u00f3w opieki zamkni\u0119tej i otwartej: dom\u00f3w pomocy spo\u0142ecznej, hospicj\u00f3w, plac\u00f3wek specjalistycznego poradnictwa, o\u015brodk\u00f3w wsparcia, o\u015brodk\u00f3w &nbsp;rehabilitacyjnych, piel\u0119gnacyjnych, klub\u00f3w seniora, a szczeg\u00f3lnie zak\u0142adanie i prowadzenie \u017bydowskich&nbsp; Dom\u00f3w Seniora,<\/li><li>prowadzenie dzia\u0142a\u0144 na rzecz os\u00f3b niepe\u0142nosprawnych,<\/li><li>organizowanie i prowadzenie akcji kulturalnych takich jak: organizacja widowisk, koncert\u00f3w, odczyt\u00f3w i wystaw z zakresu historii i kultury \u017cydowskiej oraz zasad religii moj\u017ceszowej, historii \u017byd\u00f3w w Polsce i ich roli w rozwoju politycznym&nbsp;i gospodarczym Polski, <\/li><li>organizowanie i prowadzenie kurs\u00f3w j\u0119zyka hebrajskiego,<\/li><li>prowadzenie kuchni, w tym np. koszernej,<\/li><li>promocj\u0119 i organizacj\u0119 wolontariatu,<\/li><li>dzia\u0142ania na rzecz upowszechnienie kultury fizycznej, ekologii i ochrony \u015brodowiska,<\/li><li>prowadzenie systematycznej i okazjonalnej dzia\u0142alno\u015bci charytatywnej poprzez&nbsp; organizowanie sympozj\u00f3w, kurs\u00f3w, wydawnictw i periodyk\u00f3w z zakresu historii, tradycji \u017cydowskiej, religii moj\u017ceszowej oraz innych materia\u0142\u00f3w informacyjno -edukacyjnych. <\/li><\/ol>\n\n\n\n<p>&nbsp;\u00a7 8    S\u017bDS dzia\u0142a w \u015bcis\u0142ej wsp\u00f3\u0142pracy z Gmin\u0105 Wyznaniow\u0105 \u017bydowsk\u0105 w Warszawie i innymi organizacjami \u017cydowskimi. &nbsp;<\/p>\n\n\n\n<p><strong>Rozdzia\u0142 III<\/strong>                 <strong>Cz\u0142onkowie, ich prawa i obowi\u0105zki<\/strong><\/p>\n\n\n\n<p>\u00a7 9     Cz\u0142onkostwo w S\u017bSD mo\u017ce by\u0107 zwyczajne, honorowe i wspieraj\u0105ce.<\/p>\n\n\n\n<p>\u00a7 10   Cz\u0142onkami zwyczajnymi S\u017bDS mog\u0105 zosta\u0107 osoby fizyczne, w tym r\u00f3wnie\u017c cudzoziemcy niemaj\u0105cy zamieszkania na terenie Rzeczypospolitej Polski,&nbsp; &nbsp;popieraj\u0105ce jego idee i pragn\u0105cy dzia\u0142a\u0107 na rzecz realizacji cel\u00f3w statutowych. <\/p>\n\n\n\n<p>\u00a7 11    Cz\u0142onkiem zwyczajnym mo\u017ce zosta\u0107 osoba, po z\u0142o\u017ceniu deklaracji woli wst\u0105pienia do S\u017bDS popartej pozytywn\u0105 opini\u0105&nbsp; &nbsp;dw\u00f3ch jego cz\u0142onk\u00f3w, kt\u00f3rzy z\u0142o\u017c\u0105 pisemny wniosek w tej sprawie do Zarz\u0105du. Zarz\u0105d jest zobowi\u0105zany do poinformowania cz\u0142onk\u00f3w S\u017bDS o ka\u017cdym kandydaci&nbsp;i wezwa\u0107 ich do z\u0142o\u017cenia swojej opinii w terminie 14 dni. Zarz\u0105d po zapoznaniu si\u0119 z opiniami cz\u0142onk\u00f3w S\u017bDS podejmuje decyzj\u0119 o przyj\u0119ciu&nbsp;i wpisaniu kandydata na list\u0119 cz\u0142onk\u00f3w lub jego odrzuceniu, nie p\u00f3\u017aniej jednak ni\u017c w terminie 2-ch miesi\u0119cy od dnia z\u0142o\u017cenia pisemnego wniosku. &nbsp;Zarz\u0105d podejmuje decyzj\u0119 o akceptacji lub odmowie cz\u0142onkostwa niezale\u017cnie od ilo\u015b\u0107 z\u0142o\u017conych opinii.<\/p>\n\n\n\n<p>&nbsp;&nbsp; \u00a7 12    Cz\u0142onek zwyczajny ma prawa: <\/p>\n\n\n\n<ol class=\"wp-block-list\"><li>wyborcze bierne i czynne,<\/li><li>uczestnictwa w Walnym Zebraniu&nbsp; S\u017bDS,<\/li><li>zg\u0142aszania wniosk\u00f3w i postulat\u00f3w pod adresem w\u0142adz\ni organ\u00f3w S\u017bDS.<\/li><\/ol>\n\n\n\n<p>\u00a7 13   Do obowi\u0105zk\u00f3w cz\u0142onka zwyczajnego nale\u017cy:<\/p>\n\n\n\n<ol class=\"wp-block-list\"><li>realizacja postanowie\u0144 statutu, regulaminu i\nuchwa\u0142,<\/li><li>regularne op\u0142acanie sk\u0142adek cz\u0142onkowskich,<\/li><li>czynne uczestnictwo w realizacji cel\u00f3w\nstatutowych.<\/li><\/ol>\n\n\n\n<p>\u00a714    <strong>Cz\u0142onkiem honorowym<\/strong> mo\u017ce zosta\u0107 osoba fizyczna szczeg\u00f3lnie wyr\u00f3\u017cniaj\u0105ca si\u0119 w swojej dzia\u0142alno\u015bci na rzecz S\u017bDS. Cz\u0142onkostwo honorowe na wniosek Zarz\u0105du nadaje Walne Zebranie.<\/p>\n\n\n\n<p>\u00a7 15 Cz\u0142onkowie honorowi maj\u0105 prawa cz\u0142onk\u00f3w zwyczajnych z wy\u0142\u0105czeniem biernego prawa wyborczego. Cz\u0142onkowie honorowi s\u0105 zwolnieni z obowi\u0105zku p\u0142acenia sk\u0142adek.<\/p>\n\n\n\n<p>\u00a716    <strong>Cz\u0142onkiem wspieraj\u0105cym<\/strong> mo\u017ce by\u0107 osoba fizyczna lub prawna wspieraj\u0105ca realizacj\u0119 cel\u00f3w S\u017bDS.<\/p>\n\n\n\n<p>Cz\u0142onek wspieraj\u0105cy posiada jedynie g\u0142os doradczy; nie przys\u0142uguje mu prawo wyborcze. Obowi\u0105zkiem cz\u0142onka wspieraj\u0105cego jest propagowanie w swoim \u015brodowisku cel\u00f3w statutowych S\u017bDS.<\/p>\n\n\n\n<p>\u00a7 17   Cz\u0142onkostwo w S\u017bDS <strong>ustaje<\/strong> na skutek:<\/p>\n\n\n\n<ol class=\"wp-block-list\"><li>z\u0142o\u017cenia pisemnej rezygnacji,<\/li><li>wykluczenia na mocy uchwa\u0142y Zarz\u0105du, z uwagi na\nnieprzestrzeganie postanowie\u0144 statutu, uchwa\u0142 w\u0142adz, dzia\u0142anie na szkod\u0119 S\u017bDS\noraz dopuszczenia si\u0119 czyn\u00f3w nieetycznych,<\/li><li>w razie \u015bmierci lub ci\u0119\u017ckiej choroby\nuniemo\u017cliwiaj\u0105cej prowadzenie dzia\u0142alno\u015bci na rzecz realizacji celu S\u017bDS,<\/li><li>utraty osobowo\u015bci prawnej przez cz\u0142onka\nwspieraj\u0105cego b\u0119d\u0105cego osob\u0105 prawn\u0105,<\/li><li>wykluczenia na mocy uchwa\u0142y Zarz\u0105du w przypadku\nnieusprawiedliwionego zalegania z zap\u0142at\u0105 sk\u0142adek przez okres d\u0142u\u017cszy ni\u017c 12\nmiesi\u0119cy.<\/li><\/ol>\n\n\n\n<p>\u00a718 W sprawie przyj\u0119cia, skre\u015blenia lub wykluczenia osobom zainteresowanym przys\u0142uguje odwo\u0142anie od uchwa\u0142y Zarz\u0105du do Walnego Zebrania w terminie 30 dni od daty dor\u0119czenia stosownej uchwa\u0142y. Uchwa\u0142a Walnego Zebrania jest ostateczna. <\/p>\n\n\n\n<p><strong>Rozdzia\u0142 IV<\/strong><\/p>\n\n\n\n<p><strong>W\u0142adze&nbsp; i organy S\u017bDS, tryb dokonywania ich wyboru,\nuzupe\u0142nianie sk\u0142adu oraz ich kompetencje<\/strong><\/p>\n\n\n\n<p>\u00a7 19 Najwy\u017csz\u0105 w\u0142adz\u0105 S\u017bDS jest <strong>Walne Zebranie<\/strong>.<\/p>\n\n\n\n<p>W Walnym Zebraniu bior\u0105 udzia\u0142 z g\u0142osem stanowi\u0105cym cz\u0142onkowie zwyczajni i honorowi a z g\u0142osem doradczym cz\u0142onkowie wspieraj\u0105cy oraz zaproszeni go\u015bcie.<\/p>\n\n\n\n<p>\u00a7 20        Uchwa\u0142y Walnego Zebrania s\u0105 podejmowane zwyk\u0142\u0105 wi\u0119kszo\u015bci\u0105 g\u0142os\u00f3w przy obecno\u015bci co najmniej po\u0142owy cz\u0142onk\u00f3w organizacji.<\/p>\n\n\n\n<p>\u00a7 21 Walne Zebranie mo\u017ce by\u0107 zwyczajne i nadzwyczajne.<\/p>\n\n\n\n<p>Zwyczajne Walne Zebranie jest zwo\u0142ywane przez Zarz\u0105d nie p\u00f3\u017aniej ni\u017c do ko\u0144ca marca i ma za zadanie rozpatrzenie sprawozdania Zarz\u0105du i Komisji Rewizyjnej z dzia\u0142alno\u015bci &nbsp;&nbsp;&nbsp;w roku poprzednim, rozpatrzenie i zatwierdzenie lub odrzucenie sprawozdania finansowego za rok ubieg\u0142y oraz udzielenie lub nieudzielanie skwitowania cz\u0142onk\u00f3w Zarz\u0105du i Komisji Rewizyjnej.<\/p>\n\n\n\n<p>Nadzwyczajne Walne Zebranie ma na celu rozpatrzenie spraw, dla kt\u00f3rych zosta\u0142o zwo\u0142ane.<\/p>\n\n\n\n<p>Nadzwyczajne Walne Zebranie zwo\u0142uje Zarz\u0105d z w\u0142asnej inicjatywy, na wniosek Komisji Rewizyjnej lub 2\/3 og\u00f3\u0142u cz\u0142onk\u00f3w zwyczajnych a tak\u017ce na wniosek Zarz\u0105du Gminy Wyznaniowej \u017bydowskiej w Warszawie. <\/p>\n\n\n\n<p>Zwo\u0142anie Nadzwyczajnego Walnego Zebrania nie mo\u017ce nast\u0105pi\u0107 p\u00f3\u017aniej ni\u017c w terminie &nbsp;&nbsp;2-ch miesi\u0119cy od dnia z\u0142o\u017cenia pisemnego wniosku.<\/p>\n\n\n\n<p>\u00a7 22   O terminie, miejscu i porz\u0105dku obrad Walnego Zebrania Zarz\u0105d powiadamia Komisj\u0119 Rewizyjn\u0105 oraz cz\u0142onk\u00f3w S\u017bDS&nbsp; najp\u00f3\u017aniej na dwa tygodnie przed terminem jego rozpocz\u0119cia.<\/p>\n\n\n\n<p>\u00a7 23    Do kompetencji Walnego Zebrania nale\u017cy:<\/p>\n\n\n\n<ol class=\"wp-block-list\"><li>uchwalenie kierunk\u00f3w dzia\u0142a\u0144 i plan\u00f3w wieloletnich S\u017bDS,<\/li><li>wyb\u00f3r lub uzupe\u0142nienie sk\u0142adu&nbsp;w\u0142adz stowarzyszenia,<\/li><li>rozpatrywanie sprawozda\u0144 Zarz\u0105du i raport\u00f3w Komisji Rewizyjnej,<\/li><li>udzielanie absolutorium Zarz\u0105dowi, na wniosek Komisji Rewizyjnej,<\/li><li>uchwalanie rocznych plan\u00f3w S\u017bDS,<\/li><li>ustalanie wysoko\u015bci sk\u0142adek cz\u0142onkowskich,<\/li><li>uchwalanie zmian w statucie,<\/li><li>odwo\u0142anie Zarz\u0105du przed up\u0142ywem kadencji, <\/li><li>podejmowanie uchwa\u0142 w sprawie rozwi\u0105zania S\u017bDS,<\/li><li>rozpatrywanie odwo\u0142a\u0144 decyzji Zarz\u0105du, w tym od uchwa\u0142 w sprawach cz\u0142onkowskich, <\/li><li>uchwalanie regulaminu wewn\u0119trznego.<\/li><\/ol>\n\n\n\n<p>\u00a7 24      Walne Zebranie prowadzi osoba wybrana spo\u015br\u00f3d cz\u0142onk\u00f3w zwyczajnych obecnych na zebraniu.<\/p>\n\n\n\n<p>\u00a7 25   Organami S\u017bDS s\u0105:<\/p>\n\n\n\n<ol class=\"wp-block-list\"><li>Zarz\u0105d <\/li><li>Komisja Rewizyjna.<\/li><\/ol>\n\n\n\n<p>\u00a7 26    Zarz\u0105d liczy od 3 do 7 cz\u0142onk\u00f3w. <\/p>\n\n\n\n<p>Na pierwszym posiedzeniu Zarz\u0105d wybiera spo\u015br\u00f3d swojego grona Prezesa i&nbsp; Wiceprezesa i przydziela im oraz pozosta\u0142ym cz\u0142onkom zadania do wykonania.<\/p>\n\n\n\n<p> Cz\u0142onkami Zarz\u0105du nie mog\u0105 by\u0107 osoby skazane prawomocnym wyrokiem za przest\u0119pstwo umy\u015blne \u015bcigane z oskar\u017cenia publicznego lub przest\u0119pstwo skarbowe.<\/p>\n\n\n\n<p>\u00a7 27         Zebrania Zarz\u0105du odbywaj\u0105 si\u0119 nie rzadziej ni\u017c raz w miesi\u0105cu. Uchwa\u0142y Zarz\u0105du&nbsp;zapadaj\u0105 zwyk\u0142\u0105 wi\u0119kszo\u015bci\u0105 g\u0142os\u00f3w przy obecno\u015bci co najmniej&nbsp; po\u0142owy przedstawicieli Zarz\u0105du.<\/p>\n\n\n\n<p>\u00a7 28      W posiedzeniu Zarz\u0105du z g\u0142osem doradczym&nbsp; maj\u0105 prawo bra\u0107 udzia\u0142 przedstawiciele Komisji Rewizyjnej oraz &nbsp;zaproszeni go\u015bcie; inni cz\u0142onkowie S\u017bDS i eksperci.<\/p>\n\n\n\n<p>\u00a729 Do kompetencji Zarz\u0105du nale\u017cy:<\/p>\n\n\n\n<ol class=\"wp-block-list\"><li>reprezentowanie S\u017bDS na zewn\u0105trz i dzia\u0142ania w\njego imieniu,<\/li><li>dysponowanie maj\u0105tkiem S\u017bDS w ramach uprawnie\u0144\nnadanych przez Walne Zebranie, a w szczeg\u00f3lno\u015bci dzia\u0142alno\u015b\u0107 maj\u0105ca na celu\npowi\u0119kszenie maj\u0105tku S\u017bDS,<\/li><li>zwo\u0142ywanie Walnych Zebra\u0144,<\/li><li>sporz\u0105dzanie rocznych i wieloletnich plan\u00f3w\ndzia\u0142ania, bilansu rocznego, sprawozdania z dzia\u0142alno\u015bci, w terminach i formie\nzgodniej z obowi\u0105zuj\u0105cymi ustawami. Dokumenty te podlegaj\u0105 zatwierdzeniu przez\nWalne Zebranie,<\/li><li>podejmowanie uchwa\u0142 w sprawie przyj\u0119cia,\nskre\u015blenia i wykluczenia cz\u0142onk\u00f3w,<\/li><li>nadz\u00f3r nad regularnym wp\u0142ywem sk\u0142adek\ncz\u0142onkowskich,<\/li><li>&nbsp;&nbsp;ustalenie\nzasad wynagradzania pracownik\u00f3w S\u017bDS. <\/li><\/ol>\n\n\n\n<p>\u00a7 30    Dokumenty z \u00a7 29 pkt.4 musz\u0105 by\u0107 przekazane do Komisji Rewizyjnej na 1 miesi\u0105c przed terminem Walnego Zebrania, a na dwa tygodnie przed Walnym Zebraniem udost\u0119pnione do wgl\u0105du dla cz\u0142onk\u00f3w S\u017bDS.<\/p>\n\n\n\n<p>\u00a7 31     Komisja Rewizyjna sk\u0142ada si\u0119 z 3-4 &nbsp;cz\u0142onk\u00f3w. Na pierwszym posiedzeniu wybiera przewodnicz\u0105cego, kt\u00f3ry kieruje jej pracami.<\/p>\n\n\n\n<p>Decyzje Komisji Rewizyjnej zapadaj\u0105 zwyk\u0142\u0105 wi\u0119kszo\u015bci\u0105 g\u0142os\u00f3w przy obecno\u015bci co najmniej po\u0142owy cz\u0142onk\u00f3w komisji. <\/p>\n\n\n\n<p>Cz\u0142onkowie Komisji Rewizyjnej:<\/p>\n\n\n\n<p>a. nie mog\u0105 by\u0107 cz\u0142onkami\nZarz\u0105du ani pozostawa\u0107 z nimi w zwi\u0105zku ma\u0142\u017ce\u0144skim, we wsp\u00f3lnym po\u017cyciu, w stosunku\npokrewie\u0144stwa, powinowactwa lub podleg\u0142o\u015bci s\u0142u\u017cbowej,<\/p>\n\n\n\n<p>b. nie byli skazani\nprawomocnym wyrokiem za przest\u0119pstwo umy\u015blne \u015bcigane z oskar\u017cenia publicznego\nlub przest\u0119pstwo skarbowe.<\/p>\n\n\n\n<p>\u00a7 32        Do kompetencji Komisji Rewizyjnej nale\u017cy:<\/p>\n\n\n\n<ol class=\"wp-block-list\"><li>kontrola dzia\u0142alno\u015bci S\u017bDS, <\/li><li>wyst\u0119powanie do Walnego Zebrania z wnioskiem\n     o udzielenie absolutorium Zarz\u0105dowi lub odrzucenie jego sprawozdania,<\/li><li>wyst\u0119powanie do Zarz\u0105du lub Walnego Zebrania &nbsp;z wnioskami i zapytaniami dotycz\u0105cymi\n     ustale\u0144 kontrolnych,<\/li><li>uczestnictwo w zebraniach Zarz\u0105du z g\u0142osem\n     doradczym.<\/li><\/ol>\n\n\n\n<p>\u00a7 33      Kadencja Zarz\u0105du i Komisji Rewizyjnej trwa 5 lat,&nbsp; <\/p>\n\n\n\n<p>Cz\u0142onkowie Zarz\u0105du i Komisji Rewizyjnej dzia\u0142aj\u0105 spo\u0142ecznie i nie otrzymuj\u0105 wynagrodzenia z tytu\u0142u pe\u0142nienia swoich funkcji, <\/p>\n\n\n\n<p>Cz\u0142onkowie wybrani do w\u0142adz Stowarzyszenia mog\u0105 pe\u0142ni\u0107 funkcje wielokrotnie,<\/p>\n\n\n\n<p>Je\u017celi w sk\u0142adzie organu, o kt\u00f3rym mowa w&nbsp; \u00a7 25 zachodz\u0105 braki uniemo\u017cliwiaj\u0105ce jego dzia\u0142anie, pozosta\u0142ym cz\u0142onkom organu, kt\u00f3rego to dotyczy przys\u0142uguje prawo uzupe\u0142nienia sk\u0142adu w drodze kooptacji. Liczba dokooptowanych cz\u0142onk\u00f3w nie mo\u017ce by\u0107 wi\u0119ksza ni\u017c liczba cz\u0142onk\u00f3w organu pochodz\u0105cych z wyboru. Powo\u0142anie cz\u0142onka organu w tym trybie nast\u0119puje na czas do najbli\u017cszego Walnego Zebrania Cz\u0142onk\u00f3w.<\/p>\n\n\n\n<p><strong>Rozdzia\u0142 V<\/strong>                   <strong>Maj\u0105tek S\u017bDS<\/strong><\/p>\n\n\n\n<p>\u00a7 34        Maj\u0105tek S\u017bDS powstaje, z zachowaniem obowi\u0105zuj\u0105cych przepis\u00f3w, ze sk\u0142adek cz\u0142onkowskich, darowizn, spadk\u00f3w, zapis\u00f3w, dochod\u00f3w z w\u0142asnej dzia\u0142alno\u015bci, dochod\u00f3w z maj\u0105tku S\u017bDS oraz z ofiarno\u015bci publicznej.<\/p>\n\n\n\n<p>S\u017bDS mo\u017ce otrzyma\u0107 dotacj\u0119 wed\u0142ug zasad okre\u015blonych w odr\u0119bnych przepisach.&nbsp; <\/p>\n\n\n\n<p>S\u017bDS mo\u017ce pozyskiwa\u0107 wk\u0142ady finansowe od os\u00f3b fizycznych i prawnych jako zabezpieczenie udzia\u0142u w budowaniu i funkcjonowaniu Domu Seniora. <\/p>\n\n\n\n<p>S\u017bDS, mo\u017ce nabywa\u0107 i zbywa\u0107 maj\u0105tek ruchomy i nieruchomy.<\/p>\n\n\n\n<p>S\u017bDS mo\u017ce prowadzi\u0107 dzia\u0142alno\u015b\u0107 gospodarcz\u0105, wed\u0142ug og\u00f3lnych zasad okre\u015blonych w odr\u0119bnych przepisach. Doch\u00f3d z tej dzia\u0142alno\u015bci s\u0142u\u017cy realizacji cel\u00f3w statutowych i nie mo\u017ce by\u0107 przeznaczony do podzia\u0142u mi\u0119dzy jego cz\u0142onk\u00f3w.<\/p>\n\n\n\n<p>\u00a7 35  S\u017bDS nie wolno :<\/p>\n\n\n\n<p>a)&nbsp; udzielania po\u017cyczek lub zabezpieczania zobowi\u0105za\u0144 maj\u0105tkiem organizacji w stosunku do jej cz\u0142onk\u00f3w, cz\u0142onk\u00f3w organ\u00f3w lub pracownik\u00f3w oraz os\u00f3b, z kt\u00f3rymi cz\u0142onkowie, cz\u0142onkowie organ\u00f3w oraz pracownicy organizacji pozostaj\u0105 w zwi\u0105zku ma\u0142\u017ce\u0144skim, we wsp\u00f3lnym po\u017cyciu albo w stosunku pokrewie\u0144stwa lub powinowactwa w linii prostej, pokrewie\u0144stwa lub powinowactwa w linii bocznej do drugiego stopnia albo s\u0105 zwi\u0105zani z tytu\u0142u przysposobienia, opieki lub kurateli, zwanych dalej \"osobami bliskimi\",przekazywania ich maj\u0105tku na rzecz ich cz\u0142onk\u00f3w, cz\u0142onk\u00f3w organ\u00f3w lub pracownik\u00f3w oraz ich os\u00f3b bliskich, na zasadach innych ni\u017c w stosunku do os\u00f3b trzecich, w szczeg\u00f3lno\u015bci, je\u017celi przekazanie to nast\u0119puje bezp\u0142atnie lub na preferencyjnych warunkach,<\/p>\n\n\n\n<p>b) wykorzystywania maj\u0105tku na rzecz cz\u0142onk\u00f3w, cz\u0142onk\u00f3w organ\u00f3w lub pracownik\u00f3w oraz ich os\u00f3b bliskich na zasadach innych ni\u017c w stosunku do os\u00f3b trzecich, chyba \u017ce to wykorzystanie bezpo\u015brednio wynika z celu statutowego,<\/p>\n\n\n\n<p>c) zakupu towar\u00f3w lub us\u0142ug od podmiot\u00f3w, w kt\u00f3rych uczestnicz\u0105 cz\u0142onkowie organizacji, cz\u0142onkowie jej organ\u00f3w lub pracownicy oraz ich os\u00f3b bliskich, na zasadach innych ni\u017c w stosunku do os\u00f3b trzecich lub po cenach wy\u017cszych ni\u017c rynkowe.<\/p>\n\n\n\n<p>\u00a7 36 Do sk\u0142adania o\u015bwiadcze\u0144 woli i zaci\u0105gania zobowi\u0105za\u0144 maj\u0105tkowych w imieniu Stowarzyszenia wymagane jest \u0142\u0105czne dzia\u0142anie dw\u00f3ch cz\u0142onk\u00f3w Zarz\u0105du, w tym Prezesa Zarz\u0105du lub Wiceprezesa Zarz\u0105du.\u201d. <\/p>\n\n\n\n<p><strong>Rozdzia\u0142 VI<\/strong>                                   <strong>Likwidacja Stowarzyszenia<\/strong><\/p>\n\n\n\n<p>\u00a7 37        Uchwa\u0142\u0119 w sprawie zmiany statutu i rozwi\u0105zaniu S\u017bDS podejmuje Walne Zebranie wi\u0119kszo\u015bci\u0105 dwu trzecich g\u0142os\u00f3w, przy obecno\u015bci co najmniej po\u0142owy uprawnionych do g\u0142osowania. <\/p>\n\n\n\n<p>Zasady likwidacjiS\u017bDS okre\u015blaj\u0105 przepisy prawa o stowarzyszeniach. <\/p>\n\n\n\n<p><em>Warszawa, 04-09-2012<\/em><\/p>\n\n\n\n<p><\/p>\n","protected":false},"excerpt":{"rendered":"<p>Stowarzyszenia \u017bydowski Dom Seniora (Moszaw Zkenim) z dnia 4 wrze\u015bnia 2012 (tekst jednolity) Rozdzia\u0142 I Przepisy og\u00f3lne \u00a71 Stowarzyszenie nosi nazw\u0119 Stowarzyszenie \u201e\u017bydowski Dom Seniora (Moszaw Zkenim)\u201d, zwane dalej S\u017bDS. S\u017bDS kontynuuje dzia\u0142alno\u015b\u0107 Towarzystwa \u201eDom Starc\u00f3w (Moszaw Zkenim)\u201d dzia\u0142aj\u0105cego w Warszawie przed II wojn\u0105 \u015bwiatow\u0105. \u00a72 S\u017bDS posiada osobowo\u015b\u0107 prawn\u0105. \u00a73 S\u017bDS dzia\u0142a na obszarze <a href=\"https:\/\/zydowskidomseniora.com\/?page_id=259\" class=\"more-link\">Czytaj dalej...<span class=\"screen-reader-text\"> \"Statut\"<\/span><\/a><\/p>\n","protected":false},"author":1,"featured_media":0,"parent":0,"menu_order":0,"comment_status":"closed","ping_status":"closed","template":"page-templates\/full-width.php","meta":{"footnotes":""},"class_list":["post-259","page","type-page","status-publish","h-entry","hentry","h-as-page"],"_links":{"self":[{"href":"https:\/\/zydowskidomseniora.com\/index.php?rest_route=\/wp\/v2\/pages\/259","targetHints":{"allow":["GET"]}}],"collection":[{"href":"https:\/\/zydowskidomseniora.com\/index.php?rest_route=\/wp\/v2\/pages"}],"about":[{"href":"https:\/\/zydowskidomseniora.com\/index.php?rest_route=\/wp\/v2\/types\/page"}],"author":[{"embeddable":true,"href":"https:\/\/zydowskidomseniora.com\/index.php?rest_route=\/wp\/v2\/users\/1"}],"replies":[{"embeddable":true,"href":"https:\/\/zydowskidomseniora.com\/index.php?rest_route=%2Fwp%2Fv2%2Fcomments&post=259"}],"version-history":[{"count":3,"href":"https:\/\/zydowskidomseniora.com\/index.php?rest_route=\/wp\/v2\/pages\/259\/revisions"}],"predecessor-version":[{"id":459,"href":"https:\/\/zydowskidomseniora.com\/index.php?rest_route=\/wp\/v2\/pages\/259\/revisions\/459"}],"wp:attachment":[{"href":"https:\/\/zydowskidomseniora.com\/index.php?rest_route=%2Fwp%2Fv2%2Fmedia&parent=259"}],"curies":[{"name":"wp","href":"https:\/\/api.w.org\/{rel}","templated":true}]}}