{"id":257,"date":"2020-02-04T10:34:35","date_gmt":"2020-02-04T10:34:35","guid":{"rendered":"http:\/\/zydowskidomseniora.com\/?page_id=257"},"modified":"2020-02-13T21:19:24","modified_gmt":"2020-02-13T21:19:24","slug":"poprzednie-zarzady","status":"publish","type":"page","link":"https:\/\/zydowskidomseniora.com\/?page_id=257","title":{"rendered":"Poprzednie zarz\u0105dy"},"content":{"rendered":"\n<p><strong>Edwarda Ma\u0142gorzata Lanota<\/strong> - prezes w latach 2010-2019<\/p>\n\n\n\n<p><strong>Eugenia Ma\u0142gorzata Blicharz<\/strong> - wiceprezes 2010-2019<\/p>\n\n\n\n<p><strong>Aniela Srebrna<\/strong>  - cz\u0142onek i skarbnik w latach 2010-2019<\/p>\n\n\n\n<p><strong>Anna Egelman, Anna Drabik, Aleksandra Leliwa Kopysta\u0144ska, Gra\u017cyna Majer, Piotr Rytka Zandberg<\/strong><\/p>\n","protected":false},"excerpt":{"rendered":"<p>Edwarda Ma\u0142gorzata Lanota - prezes w latach 2010-2019 Eugenia Ma\u0142gorzata Blicharz - wiceprezes 2010-2019 Aniela Srebrna - cz\u0142onek i skarbnik w latach 2010-2019 Anna Egelman, Anna Drabik, Aleksandra Leliwa Kopysta\u0144ska, Gra\u017cyna Majer, Piotr Rytka Zandberg<\/p>\n","protected":false},"author":1,"featured_media":0,"parent":0,"menu_order":0,"comment_status":"closed","ping_status":"closed","template":"page-templates\/full-width.php","meta":{"footnotes":""},"class_list":["post-257","page","type-page","status-publish","h-entry","hentry","h-as-page"],"_links":{"self":[{"href":"https:\/\/zydowskidomseniora.com\/index.php?rest_route=\/wp\/v2\/pages\/257","targetHints":{"allow":["GET"]}}],"collection":[{"href":"https:\/\/zydowskidomseniora.com\/index.php?rest_route=\/wp\/v2\/pages"}],"about":[{"href":"https:\/\/zydowskidomseniora.com\/index.php?rest_route=\/wp\/v2\/types\/page"}],"author":[{"embeddable":true,"href":"https:\/\/zydowskidomseniora.com\/index.php?rest_route=\/wp\/v2\/users\/1"}],"replies":[{"embeddable":true,"href":"https:\/\/zydowskidomseniora.com\/index.php?rest_route=%2Fwp%2Fv2%2Fcomments&post=257"}],"version-history":[{"count":3,"href":"https:\/\/zydowskidomseniora.com\/index.php?rest_route=\/wp\/v2\/pages\/257\/revisions"}],"predecessor-version":[{"id":453,"href":"https:\/\/zydowskidomseniora.com\/index.php?rest_route=\/wp\/v2\/pages\/257\/revisions\/453"}],"wp:attachment":[{"href":"https:\/\/zydowskidomseniora.com\/index.php?rest_route=%2Fwp%2Fv2%2Fmedia&parent=257"}],"curies":[{"name":"wp","href":"https:\/\/api.w.org\/{rel}","templated":true}]}}