{"id":12,"date":"2020-01-04T12:51:49","date_gmt":"2020-01-04T12:51:49","guid":{"rendered":"http:\/\/zydowskidomseniora.com\/?page_id=12"},"modified":"2020-02-18T18:53:28","modified_gmt":"2020-02-18T18:53:28","slug":"tytul","status":"publish","type":"page","link":"https:\/\/zydowskidomseniora.com\/?page_id=12","title":{"rendered":"Dom Seniora"},"content":{"rendered":"\n<p> Na \u015bwiecie s\u0105 r\u00f3\u017cne modele zapewnienia opieki ludziom&nbsp; starszym, np. osiedla dla senior\u00f3w (mo\u017cna zobaczy\u0107 jedno z nich&nbsp; na naszej stronie w wywiadzie z Maj\u0105 Peretz),&nbsp;wybrane domy mieszkalne z obs\u0142ug\u0105 i dost\u0119pem do lekarzy, r\u00f3\u017cnego rodzaju rehabilitacji i opieki  piel\u0119gnacyjnej. Takie rozwi\u0105zania s\u0105 drogie, ma\u0142o kogo na nie sta\u0107 a i organizacji opieku\u0144czych te\u017c nie sta\u0107 na nie. Nawet gdyby by\u0142y one  dost\u0119pne, nie wiadomo ilu ludzi zdecydowa\u0142oby si\u0119 na ten spos\u00f3b prze\u017cywania staro\u015bci. Najwi\u0119ksz\u0105 trudno\u015b\u0107 stanowi\u0105 tutaj&nbsp; sprawy finansowe. Gdyby wynajmowa\u0107 tak\u0105 powierzchnie&nbsp;np. kamienic\u0119 od dewelopera to ceny takiej us\u0142ugi s\u0105 tylko dla bogatych ludzi chc\u0105cych tam zamieszka\u0107.<\/p>\n\n\n\n<p class=\"has-text-align-left\">&nbsp;Mnie osobi\u015bcie zamieszkanie w osobnych mieszkaniach z dost\u0119pn\u0105 obs\u0142ug\u0105,  wydaje si\u0119 najlepsze. Warto te\u017c rozwa\u017cy\u0107 umieszczenie dzieci  przedszkolnych w pobli\u017cu takiej siedziby senior\u00f3w, albo te\u017c z domem dla  ludzi dotkni\u0119tych niepe\u0142nosprawno\u015bciami intelektualnymi, aby jedni  opiekowali si\u0119 drugimi zaspakajaj\u0105 konieczno\u015b\u0107 bycia potrzebnym.<\/p>\n\n\n\n<p>Jest te\u017c opcja \u201eramolin\u00f3w\u201d gdzie grupa przyjaci\u00f3\u0142 lub znajomych umawia si\u0119, \u017ce&nbsp; b\u0119d\u0105 starze\u0107 si\u0119 razem.&nbsp; To te\u017c ciekawe rozwi\u0105zanie, ale nie \u0142atwe w realizacji , bo ilu przyjaci\u00f3\u0142 tyle pomys\u0142\u00f3w gdzie zamieszka\u0107 i czego oczekiwa\u0107.<\/p>\n\n\n\n<p>Domy, jakie znamy nie s\u0105 idealne, a nawet&nbsp; w wi\u0119kszo\u015bci odstraszaj\u0105ce, ale mo\u017ce warto pomy\u015ble\u0107 o typowym domu z pokojami (nie mieszkaniami) dla tych samotnych i tych, kt\u00f3rzy chc\u0105 lub musz\u0105 w takim miejscu zamieszka\u0107 . W tym wariancie te\u017c nic nie jest proste bo chcieliby\u015bmy aby pokoje by\u0142y du\u017ce z \u0142azienkami, personel ch\u0119tny i odpowiedzialny a p\u0142atno\u015bci za to wszystko pokrywa\u0142a nasza skromna emerytura, ale rzeczywisto\u015b\u0107 jest zupe\u0142nie inna.<\/p>\n\n\n\n<p><strong>mieszkania dostosowane do wieku i niepe\u0142nosprawno\u015bci <\/strong><\/p>\n\n\n\n<p>W grudniu 2016 w Wysokich Obcasach ukaza\u0142 si\u0119 ciekawy artyku\u0142 o  propozycji dostosowania cz\u0119\u015bci mieszka\u0144 w domu na Warszawskim  Wawrzyszewie do samodzielnego w nich zamieszkania dla os\u00f3b starszych lub  niepe\u0142nosprawnych. Pomys\u0142 godny zainteresowania. <\/p>\n\n\n\n<p>Ka\u017cdy\n cz\u0142owiek chce by\u0107 samodzielny jak d\u0142ugo si\u0119 da, a mieszkanie \ndostosowane do wszelkich mo\u017cliwych przypad\u0142o\u015bci pomaga samodzielno\u015bci \njak ma\u0142o co.<\/p>\n\n\n\n<p>Czy to wystarczy, do \u201enormalnego \u017cycia\u201d?&nbsp;Potrzebne s\u0105 nie tylko mo\u017cliwo\u015b\u0107 samoobs\u0142ugi w domu, ale towarzystwo, mo\u017cliwo\u015b\u0107 rozrywki, r\u00f3\u017cnorodna aktywno\u015b\u0107 fizyczna, spo\u0142eczna, artystyczna i kulturalna.<\/p>\n\n\n\n<p>Wszystko  to jako\u015b mo\u017cna otrzyma\u0107 za pieni\u0105dze, szczeg\u00f3lnie je\u017celi je si\u0119 ma lub  posiada si\u0119 w\u0142asne mieszkanie, kt\u00f3re mo\u017cna sprzeda\u0107 lub wynaj\u0105\u0107. Z  biegiem czasu wzrasta konieczno\u015b\u0107 szukania pomocy pa\u0144stwa, gminy czy  organizacji pozarz\u0105dowych.<\/p>\n\n\n\n<p>Stowarzyszenie \u017bDS nie mo\u017ce nie zadawa\u0107 sobie pyta\u0144, dlaczego nasze \u015brodowisko wystarczaj\u0105co robi na rzecz senior\u00f3w. P\u00f3ki jeste\u015bmy sprawni chcemy by\u0107 u  siebie, a potem kto\u015b - rodzina lub Gmina - umieszcza nas w przypadkowym domu gdzie&nbsp; czekamy na sw\u00f3j koniec.<\/p>\n\n\n\n<p>Wyznaniowa Gmina \u017bydowska p\u00f3ki dysponuje jakimi\u015b dzia\u0142kami i pieni\u0119dzmi mog\u0142aby zbudowa\u0107 dom, w kt\u00f3rym cz\u0119\u015b\u0107 mieszka\u0144 by\u0142oby na wynajem i dostosowana dla potrzebuj\u0105cych zwi\u0119kszonej opieki, a pozosta\u0142e na sprzeda\u017c -  najch\u0119tniej m\u0142odym ludziom. Taki biznes z pewno\u015bci\u0105 by\u0142by op\u0142acalny i dochodowy zwa\u017cywszy, \u017ce grunt jest w\u0142asny. Starsi ludzie czuliby si\u0119, \u017ce  \u017cyj\u0105 w normalnym \u015brodowisku.&nbsp;<\/p>\n\n\n\n<p>Oczywi\u015bcie, \u017ce takie rozwi\u0105zanie nie za\u0142atwia wszystkich problem\u00f3w. \u017bydowski Dom Seniora jest bardzo potrzebny, musimy mie\u0107 nasz w\u0142asny DOM, nawet niezbyt du\u017cy dla tych z nas, kt\u00f3rzy nie radz\u0105 sobie sami i nie ma im kto poda\u0107 przys\u0142owiowej szklanki wody.  Ka\u017cda budowa wymaga  nak\u0142ad\u00f3w finansowych i determinacji. &nbsp; <\/p>\n\n\n\n<p>\u201e<strong><em>Nie starzeje si\u0119 ten, kto nie ma na to czasu<\/em><\/strong>\u201d \u2013&nbsp;Benjamin Franklin. <\/p>\n","protected":false},"excerpt":{"rendered":"<p>Na \u015bwiecie s\u0105 r\u00f3\u017cne modele zapewnienia opieki ludziom&nbsp; starszym, np. osiedla dla senior\u00f3w (mo\u017cna zobaczy\u0107 jedno z nich&nbsp; na naszej stronie w wywiadzie z Maj\u0105 Peretz),&nbsp;wybrane domy mieszkalne z obs\u0142ug\u0105 i dost\u0119pem do lekarzy, r\u00f3\u017cnego rodzaju rehabilitacji i opieki piel\u0119gnacyjnej. Takie rozwi\u0105zania s\u0105 drogie, ma\u0142o kogo na nie sta\u0107 a i organizacji opieku\u0144czych te\u017c nie <a href=\"https:\/\/zydowskidomseniora.com\/?page_id=12\" class=\"more-link\">Czytaj dalej...<span class=\"screen-reader-text\"> \"Dom Seniora\"<\/span><\/a><\/p>\n","protected":false},"author":1,"featured_media":0,"parent":0,"menu_order":0,"comment_status":"closed","ping_status":"closed","template":"page-templates\/full-width.php","meta":{"footnotes":""},"class_list":["post-12","page","type-page","status-publish","h-entry","hentry","h-as-page"],"_links":{"self":[{"href":"https:\/\/zydowskidomseniora.com\/index.php?rest_route=\/wp\/v2\/pages\/12","targetHints":{"allow":["GET"]}}],"collection":[{"href":"https:\/\/zydowskidomseniora.com\/index.php?rest_route=\/wp\/v2\/pages"}],"about":[{"href":"https:\/\/zydowskidomseniora.com\/index.php?rest_route=\/wp\/v2\/types\/page"}],"author":[{"embeddable":true,"href":"https:\/\/zydowskidomseniora.com\/index.php?rest_route=\/wp\/v2\/users\/1"}],"replies":[{"embeddable":true,"href":"https:\/\/zydowskidomseniora.com\/index.php?rest_route=%2Fwp%2Fv2%2Fcomments&post=12"}],"version-history":[{"count":23,"href":"https:\/\/zydowskidomseniora.com\/index.php?rest_route=\/wp\/v2\/pages\/12\/revisions"}],"predecessor-version":[{"id":572,"href":"https:\/\/zydowskidomseniora.com\/index.php?rest_route=\/wp\/v2\/pages\/12\/revisions\/572"}],"wp:attachment":[{"href":"https:\/\/zydowskidomseniora.com\/index.php?rest_route=%2Fwp%2Fv2%2Fmedia&parent=12"}],"curies":[{"name":"wp","href":"https:\/\/api.w.org\/{rel}","templated":true}]}}